{"id":22,"date":"2019-01-19T18:35:04","date_gmt":"2019-01-19T18:35:04","guid":{"rendered":"https:\/\/citruscoop.es\/?page_id=22"},"modified":"2020-01-23T16:54:18","modified_gmt":"2020-01-23T15:54:18","slug":"home","status":"publish","type":"page","link":"https:\/\/citruscoop.es\/","title":{"rendered":"Inicio"},"content":{"rendered":"<p>Nuestro negocio est\u00e1 dedicado a la <strong>venta de fitosanitarios<\/strong>, <strong>fertilizantes<\/strong> y todos aquellos <strong>art\u00edculos de uso agr\u00edcola<\/strong>. Adem\u00e1s disponemos de una secci\u00f3n de <strong>servicios para realizar todas las labores y tratamientos necesarios en las parcelas agr\u00edcolas.<\/strong><\/p>\n\n\n<p><\/p>\n","protected":false},"excerpt":{"rendered":"<p>Nuestro negocio est\u00e1 dedicado a la venta de fitosanitarios, fertilizantes y todos aquellos art\u00edculos de uso agr\u00edcola. Adem\u00e1s disponemos de una secci\u00f3n de servicios para realizar todas las labores y tratamientos necesarios en las parcelas agr\u00edcolas.<\/p>\n","protected":false},"author":1,"featured_media":810,"parent":0,"menu_order":0,"comment_status":"closed","ping_status":"closed","template":"","meta":[],"_links":{"self":[{"href":"https:\/\/citruscoop.es\/index.php?rest_route=\/wp\/v2\/pages\/22"}],"collection":[{"href":"https:\/\/citruscoop.es\/index.php?rest_route=\/wp\/v2\/pages"}],"about":[{"href":"https:\/\/citruscoop.es\/index.php?rest_route=\/wp\/v2\/types\/page"}],"author":[{"embeddable":true,"href":"https:\/\/citruscoop.es\/index.php?rest_route=\/wp\/v2\/users\/1"}],"replies":[{"embeddable":true,"href":"https:\/\/citruscoop.es\/index.php?rest_route=%2Fwp%2Fv2%2Fcomments&post=22"}],"version-history":[{"count":9,"href":"https:\/\/citruscoop.es\/index.php?rest_route=\/wp\/v2\/pages\/22\/revisions"}],"predecessor-version":[{"id":826,"href":"https:\/\/citruscoop.es\/index.php?rest_route=\/wp\/v2\/pages\/22\/revisions\/826"}],"wp:featuredmedia":[{"embeddable":true,"href":"https:\/\/citruscoop.es\/index.php?rest_route=\/wp\/v2\/media\/810"}],"wp:attachment":[{"href":"https:\/\/citruscoop.es\/index.php?rest_route=%2Fwp%2Fv2%2Fmedia&parent=22"}],"curies":[{"name":"wp","href":"https:\/\/api.w.org\/{rel}","templated":true}]}}